{"id":1083,"date":"2023-11-08T13:12:50","date_gmt":"2023-11-08T13:12:50","guid":{"rendered":"https:\/\/audiosolutions.pk\/?post_type=product&#038;p=1083"},"modified":"2025-11-18T17:57:56","modified_gmt":"2025-11-18T17:57:56","slug":"toa-a-2060-amplifier","status":"publish","type":"product","link":"https:\/\/audiosolutions.pk\/?product=toa-a-2060-amplifier","title":{"rendered":"A-2060 TOA Amplifier"},"content":{"rendered":"<h2>KEY FEATURES<\/h2>\n<p>Model:\u00a0<strong>A-2060<\/strong><\/p>\n<table id=\"spectable\">\n<tbody>\n<tr>\n<th>Power Source<\/th>\n<td>220 &#8211; 240 V AC, or 24 &#8211; 30 V DC<\/td>\n<\/tr>\n<tr>\n<th>Rated Output<\/th>\n<td>60 W<\/td>\n<\/tr>\n<tr>\n<th>Power Consumption<\/th>\n<td>72 W (EN60065), 150 W (AC operation at rated output),<br \/>\n4 A (DC operation at rated output)<\/td>\n<\/tr>\n<tr>\n<th>Frequency Response<\/th>\n<td>50 &#8211; 20,000 Hz (\u00b13 dB)<\/td>\n<\/tr>\n<tr>\n<th>Distortion<\/th>\n<td>Under 1% at 1 kHz, 1\/3 rated power<\/td>\n<\/tr>\n<tr>\n<th>Input<\/th>\n<td>MIC 1 &#8211; 3: -60 dB*, 600 \u03a9, balanced, phone jack<br \/>\nAUX 1,2: -20 dB*, 10 k\u03a9, unbalanced, RCA pin jack<\/td>\n<\/tr>\n<tr>\n<th>Output<\/th>\n<td>Speaker out: Balanced (floating)<br \/>\nHigh impedance: 170 \u03a9 (100 V), 83 \u03a9 (70 V)<br \/>\nLow impedance: 4 \u03a9 (15.5 V)<br \/>\nRec out: 0 dB*, 600 \u03a9, unbalanced, RCA pin jack<\/td>\n<\/tr>\n<tr>\n<th>Phantom Power<\/th>\n<td>DC +21 V (MIC 1)<\/td>\n<\/tr>\n<tr>\n<th>S\/N Ratio<\/th>\n<td>Over 60 dB<\/td>\n<\/tr>\n<tr>\n<th>Tone Control<\/th>\n<td>Bass: \u00b110 dB at 100 Hz<br \/>\nTreble: \u00b110 dB at 10 kHz<\/td>\n<\/tr>\n<tr>\n<th>Muting<\/th>\n<td>MIC 1: Mutes other input signals by 0 &#8211; 30 dB attenuation<\/td>\n<\/tr>\n<tr>\n<th>Indicator<\/th>\n<td>Power, signal, peak<\/td>\n<\/tr>\n<tr>\n<th>Finish<\/th>\n<td>Panel: ABS resin, black<br \/>\nCase: Steel plate, black<\/td>\n<\/tr>\n<tr>\n<th>Dimensions<\/th>\n<td>420 (W) \u00d7 100.9 (H) \u00d7 280.3 (D) mm (16.54&#8243; \u00d7 3.97&#8243; \u00d7 11.04&#8243;)<\/td>\n<\/tr>\n<tr>\n<th>Weight<\/th>\n<td>7 kg (15.43 lb)<\/td>\n<\/tr>\n<\/tbody>\n<\/table>\n","protected":false},"excerpt":{"rendered":"<h2>MIXER AMPLIFIER<\/h2>\n<p><strong>A-2060<\/strong><\/p>\n<p>Multi-purpose, multi-function <strong>60watt<\/strong> mixer\/power amplifiers specifically designed for maximum versatility and cost-effective high-performance are ideal units for any PA requirement in locations such as schools and offices and other intermediate size environments. A choice of different power outputs are offered as well as functions such as paging and dual zone coverage.<\/p>\n","protected":false},"featured_media":1158,"comment_status":"open","ping_status":"closed","template":"","meta":[],"product_brand":[],"product_cat":[30,33],"product_tag":[190,182,187,192,257,191,189,188],"class_list":{"0":"post-1083","1":"product","2":"type-product","3":"status-publish","4":"has-post-thumbnail","6":"product_cat-amplifiers","7":"product_cat-toa","8":"product_tag-a2060-amplifier","9":"product_tag-amplifier","10":"product_tag-amplifier-for-masjid","11":"product_tag-amplifiers-for-speakers","12":"product_tag-imported-amplifier","13":"product_tag-masjid-amplifier","14":"product_tag-toa-a-2060","15":"product_tag-toa-amp","17":"entry","18":"has-media","20":"first","21":"instock","22":"shipping-taxable","23":"product-type-simple","24":"col","25":"span_1_of_3","26":"owp-content-center","27":"owp-thumbs-layout-horizontal","28":"owp-btn-normal","29":"owp-tabs-layout-horizontal","30":"has-no-thumbnails"},"jetpack_sharing_enabled":true,"_links":{"self":[{"href":"https:\/\/audiosolutions.pk\/index.php?rest_route=\/wp\/v2\/product\/1083","targetHints":{"allow":["GET"]}}],"collection":[{"href":"https:\/\/audiosolutions.pk\/index.php?rest_route=\/wp\/v2\/product"}],"about":[{"href":"https:\/\/audiosolutions.pk\/index.php?rest_route=\/wp\/v2\/types\/product"}],"replies":[{"embeddable":true,"href":"https:\/\/audiosolutions.pk\/index.php?rest_route=%2Fwp%2Fv2%2Fcomments&post=1083"}],"wp:featuredmedia":[{"embeddable":true,"href":"https:\/\/audiosolutions.pk\/index.php?rest_route=\/wp\/v2\/media\/1158"}],"wp:attachment":[{"href":"https:\/\/audiosolutions.pk\/index.php?rest_route=%2Fwp%2Fv2%2Fmedia&parent=1083"}],"wp:term":[{"taxonomy":"product_brand","embeddable":true,"href":"https:\/\/audiosolutions.pk\/index.php?rest_route=%2Fwp%2Fv2%2Fproduct_brand&post=1083"},{"taxonomy":"product_cat","embeddable":true,"href":"https:\/\/audiosolutions.pk\/index.php?rest_route=%2Fwp%2Fv2%2Fproduct_cat&post=1083"},{"taxonomy":"product_tag","embeddable":true,"href":"https:\/\/audiosolutions.pk\/index.php?rest_route=%2Fwp%2Fv2%2Fproduct_tag&post=1083"}],"curies":[{"name":"wp","href":"https:\/\/api.w.org\/{rel}","templated":true}]}}