{"id":1087,"date":"2023-11-08T13:39:37","date_gmt":"2023-11-08T13:39:37","guid":{"rendered":"https:\/\/audiosolutions.pk\/?post_type=product&#038;p=1087"},"modified":"2025-04-11T19:53:07","modified_gmt":"2025-04-11T19:53:07","slug":"toa-a-2240-amplifier","status":"publish","type":"product","link":"https:\/\/audiosolutions.pk\/?product=toa-a-2240-amplifier","title":{"rendered":"A-2240 TOA Amplifier"},"content":{"rendered":"<h2>KEY FEATURES<\/h2>\n<p>Model :<strong> A-2240<\/strong><\/p>\n<table id=\"spectable\" style=\"height: 778px;\" width=\"552\">\n<tbody>\n<tr>\n<th>Power Source<\/th>\n<td>220 &#8211; 240 V AC, or 24 V DC<\/td>\n<\/tr>\n<tr>\n<th>Rated Output<\/th>\n<td>240 W<\/td>\n<\/tr>\n<tr>\n<th>Power Consumption<\/th>\n<td>238 W (EN60065), 15 A (DC operation at rated output)<\/td>\n<\/tr>\n<tr>\n<th>Frequency Response<\/th>\n<td>50 &#8211; 20,000 Hz (\u00b13 dB)<\/td>\n<\/tr>\n<tr>\n<th>Distortion<\/th>\n<td>1% or less at 1 kHz, 1\/3 rated power<\/td>\n<\/tr>\n<tr>\n<th>Input<\/th>\n<td>MIC 1: -60 dB*, 600 \u03a9, balanced, DIN type (5 pins)<br \/>\nMIC 2, 3: -60 dB*, 600 \u03a9, balanced, phone jack<br \/>\nAUX 1, 2: -20 dB*, 10 k\u03a9, unbalanced, RCA pin jack<br \/>\nMute: Contact pin 4 &#8211; 5 closure input (for MIC 1)<\/td>\n<\/tr>\n<tr>\n<th>Output<\/th>\n<td>Speaker out: Balanced (floating), M3.5 screw terminal,<br \/>\ndistance between barriers: 8.3 mm (0.33&#8243;)<br \/>\nHigh impedance: 42 \u03a9 (100 V), 21 \u03a9 (70 V)<br \/>\nLow impedance: 4 \u03a9 (31 V)<br \/>\nRec out: 0 dB*, 600 \u03a9, unbalanced, RCA pin jack<\/td>\n<\/tr>\n<tr>\n<th>Phantom Power<\/th>\n<td>DC +21 V (MIC 1)<\/td>\n<\/tr>\n<tr>\n<th>S\/N Ratio<\/th>\n<td>60 dB or more<\/td>\n<\/tr>\n<tr>\n<th>Tone Control<\/th>\n<td>Bass: \u00b110 dB at 100 Hz<br \/>\nTreble: \u00b110 dB at 10 kHz<\/td>\n<\/tr>\n<tr>\n<th>Muting<\/th>\n<td>MIC 1 overrides other input signals with 0 &#8211; 30 dB attenuation by mute terminal<br \/>\ncontact in MIC 1 DIN type connector.<\/td>\n<\/tr>\n<tr>\n<th>Ventilation<\/th>\n<td>Fan cooling<\/td>\n<\/tr>\n<tr>\n<th>Finish<\/th>\n<td>Panel: ABS resin, black<br \/>\nCase: Steel plate, black<\/td>\n<\/tr>\n<tr>\n<th>Dimensions<\/th>\n<td>420 (W) \u00d7 100.9 (H) \u00d7 360.3 (D) mm (16.54&#8243; \u00d7 3.97&#8243; \u00d7 14.19&#8243;)<\/td>\n<\/tr>\n<tr>\n<th>Weight<\/th>\n<td>13.2 kg (29.1 lb)<\/td>\n<\/tr>\n<\/tbody>\n<\/table>\n","protected":false},"excerpt":{"rendered":"<h2>MIXER AMPLIFIER<\/h2>\n<p><strong>A-2240<\/strong><\/p>\n<p>Multi-purpose, multi-function\u00a0<strong>240watt\u00a0<\/strong>mixer\/power amplifiers specifically designed for maximum versatility and cost-effective high-performance are ideal units for any PA requirement in locations such as schools and offices and other intermediate size environments. A choice of different power outputs are offered as well as functions such as paging and dual zone coverage.<\/p>\n","protected":false},"featured_media":1163,"comment_status":"open","ping_status":"closed","template":"","meta":[],"product_brand":[],"product_cat":[30,33],"product_tag":[200,198,197,182,257,191,510,79,199,183],"class_list":{"0":"post-1087","1":"product","2":"type-product","3":"status-publish","4":"has-post-thumbnail","6":"product_cat-amplifiers","7":"product_cat-toa","8":"product_tag-2240-amplifier","9":"product_tag-240watt-toa-amplifier","10":"product_tag-300-watt-amplifier","11":"product_tag-amplifier","12":"product_tag-imported-amplifier","13":"product_tag-masjid-amplifier","14":"product_tag-mixers-powered-amplifier","15":"product_tag-toa","16":"product_tag-toa-a-2240","17":"product_tag-toa-amplifier","19":"entry","20":"has-media","22":"first","23":"instock","24":"shipping-taxable","25":"product-type-simple","26":"col","27":"span_1_of_3","28":"owp-content-center","29":"owp-thumbs-layout-horizontal","30":"owp-btn-normal","31":"owp-tabs-layout-horizontal","32":"has-no-thumbnails"},"jetpack_sharing_enabled":true,"_links":{"self":[{"href":"https:\/\/audiosolutions.pk\/index.php?rest_route=\/wp\/v2\/product\/1087","targetHints":{"allow":["GET"]}}],"collection":[{"href":"https:\/\/audiosolutions.pk\/index.php?rest_route=\/wp\/v2\/product"}],"about":[{"href":"https:\/\/audiosolutions.pk\/index.php?rest_route=\/wp\/v2\/types\/product"}],"replies":[{"embeddable":true,"href":"https:\/\/audiosolutions.pk\/index.php?rest_route=%2Fwp%2Fv2%2Fcomments&post=1087"}],"wp:featuredmedia":[{"embeddable":true,"href":"https:\/\/audiosolutions.pk\/index.php?rest_route=\/wp\/v2\/media\/1163"}],"wp:attachment":[{"href":"https:\/\/audiosolutions.pk\/index.php?rest_route=%2Fwp%2Fv2%2Fmedia&parent=1087"}],"wp:term":[{"taxonomy":"product_brand","embeddable":true,"href":"https:\/\/audiosolutions.pk\/index.php?rest_route=%2Fwp%2Fv2%2Fproduct_brand&post=1087"},{"taxonomy":"product_cat","embeddable":true,"href":"https:\/\/audiosolutions.pk\/index.php?rest_route=%2Fwp%2Fv2%2Fproduct_cat&post=1087"},{"taxonomy":"product_tag","embeddable":true,"href":"https:\/\/audiosolutions.pk\/index.php?rest_route=%2Fwp%2Fv2%2Fproduct_tag&post=1087"}],"curies":[{"name":"wp","href":"https:\/\/api.w.org\/{rel}","templated":true}]}}